{"id":967,"date":"2021-05-26T17:49:07","date_gmt":"2021-05-26T15:49:07","guid":{"rendered":"https:\/\/www.ristorantek2.it\/home\/"},"modified":"2024-06-12T12:34:38","modified_gmt":"2024-06-12T10:34:38","slug":"home","status":"publish","type":"page","link":"https:\/\/www.ristorantek2.it\/en\/","title":{"rendered":"Home"},"content":{"rendered":"<p>[vc_section full_width=&#8221;stretch_row_content&#8221; full_height=&#8221;yes&#8221; parallax=&#8221;content-moving-fade&#8221; parallax_image=&#8221;1385&#8243; css=&#8221;.vc_custom_1710837935907{background-position: center !important;background-repeat: no-repeat !important;background-size: cover !important;}&#8221; el_id=&#8221;ws-hero-image&#8221;][vc_row full_height=&#8221;yes&#8221; content_placement=&#8221;middle&#8221; css=&#8221;.vc_custom_1622712731768{background-color: rgba(0,0,0,0.3) !important;*background-color: rgb(0,0,0) !important;}&#8221; el_class=&#8221;home-h&#8221;][vc_column el_class=&#8221;ws-100vh&#8221;]<div class=\"ws-heading text-center ws-heading-light\"><h6>Welcome to<\/h6><\/div><div class=\"ws-heading text-center ws-heading-light\"><h1>Ristorante K2<\/h1><\/div>[vc_single_image image=&#8221;827&#8243; img_size=&#8221;250&#215;250&#8243; alignment=&#8221;center&#8221; style=&#8221;vc_box_circle_2&#8243; css_animation=&#8221;fadeIn&#8221;]<div class=\"ws-heading text-center ws-heading-light\"><h3>Since 1987 typical cuisine of Lucca<\/h3><\/div>[vc_empty_space height=&#8221;30px&#8221;][vc_raw_html]JTNDZGl2JTIwY2xhc3MlM0QlMjJjcC1idXR0JTIyJTNFJTNDYSUyMGhyZWYlM0QlMjJodHRwcyUzQSUyRiUyRnd3dy5yaXN0b3JhbnRlazIuaXQlMkZlbiUyRnJlc2VydnZlLWEtdGFibGUlMkYlMjIlM0VMdW5jaCUyMG9yJTIwZGlubmVyJTIwYXQlMjB0aGUlMjByZXN0YXVyYW50JTNDYnIlMjAlMkYlM0UlMEElMjBCb29rJTIwYSUyMHRhYmxlJTIwJTIwJTI2Z3QlM0IlM0MlMkZhJTNFJTNDJTJGZGl2JTNF[\/vc_raw_html]<div class=\"custom-button text-center ws-button-light\"><a href=\"#ws-about-section\" target=\"_self\" class=\"btn \">Scroll down<\/a><\/div>[\/vc_column][\/vc_row][\/vc_section][vc_row el_id=&#8221;ws-about-section&#8221; css=&#8221;.vc_custom_1526906157336{padding-top: 100px !important;padding-bottom: 120px !important;}&#8221;][vc_column width=&#8221;2\/3&#8243; offset=&#8221;vc_col-lg-offset-2 vc_col-md-offset-2 vc_col-sm-offset-2&#8243;]<hr class=\"ws-vertical-line \"><div class=\"ws-heading text-center ws-heading-dark\"><h6>Restaurant<\/h6><\/div>[vc_empty_space height=&#8221;30px&#8221;][vc_column_text el_class=&#8221;ws-text-block&#8221;]<\/p>\n<p class=\"Standard\">The restaurant K2, a corner in the heart of Lucca that carries on with enthusiasm and love the culinary tradition of Lucca.<\/p>\n<p>[\/vc_column_text][vc_empty_space height=&#8221;30px&#8221;]<div class=\"custom-button text-center ws-button-dark\"><a href=\"https:\/\/www.ristorantek2.it\/en\/the-restaurant\/\" target=\"_self\" class=\"btn \">Discover more<\/a><\/div>[\/vc_column][\/vc_row][vc_row css=&#8221;.vc_custom_1622713458326{padding-top: 100px !important;padding-bottom: 40px !important;}&#8221;][vc_column width=&#8221;2\/3&#8243; offset=&#8221;vc_col-lg-offset-2 vc_col-md-offset-2 vc_col-sm-offset-2&#8243;]<hr class=\"ws-vertical-line \"><div class=\"ws-heading text-center ws-heading-dark\"><h6>Our Menu<\/h6><\/div>[vc_empty_space height=&#8221;25px&#8221;][vc_column_text el_class=&#8221;ws-text-block&#8221;]<\/p>\n<p class=\"Standard\">Taste and Quality, an evening passed with your family or friends can become a unique and pleasant opportunity, where you can enjoy the taste and quality of our men\u00f9.<\/p>\n<p>[\/vc_column_text][vc_empty_space height=&#8221;30px&#8221;]<div class=\"custom-button text-center ws-button-dark\"><a href=\"https:\/\/www.ristorantek2.it\/en\/menu-starters-first-second-courses\/\" target=\"_self\" class=\"btn no-luccac\">Full Menu<\/a><\/div>[\/vc_column][\/vc_row][vc_row full_width=&#8221;stretch_row_content_no_spaces&#8221; el_id=&#8221;ws-menu-section&#8221;][vc_column css_animation=&#8221;none&#8221; width=&#8221;1\/2&#8243;]<div class=\"ws-menu-category-item\"><figure><a href=\"https:\/\/www.ristorantek2.it\/en\/menu-starters-first-second-courses\/\" target=\"_self\"><img decoding=\"async\" class=\"img-fluid\" src=\"https:\/\/www.ristorantek2.it\/wp-content\/uploads\/2024\/03\/DSC00327.jpg\" alt\/><div class=\"ws-overlay\"><\/div><div class=\"ws-caption\"><h3>Starters<\/h3><div class=\"ws-separator\"><\/div><\/div><\/a><\/figure><\/div>[\/vc_column][vc_column css_animation=&#8221;none&#8221; width=&#8221;1\/2&#8243;]<div class=\"ws-menu-category-item\"><figure><a href=\"https:\/\/www.ristorantek2.it\/en\/menu-starters-first-second-courses\/\" target=\"_self\"><img decoding=\"async\" class=\"img-fluid\" src=\"https:\/\/www.ristorantek2.it\/wp-content\/uploads\/2024\/03\/primi-piatti-home.jpg\" alt\/><div class=\"ws-overlay\"><\/div><div class=\"ws-caption\"><h3>First courses<\/h3><div class=\"ws-separator\"><\/div><\/div><\/a><\/figure><\/div>[\/vc_column][\/vc_row][vc_row full_width=&#8221;stretch_row_content_no_spaces&#8221;][vc_column css_animation=&#8221;none&#8221; width=&#8221;1\/2&#8243;]<div class=\"ws-menu-category-item\"><figure><a href=\"https:\/\/www.ristorantek2.it\/en\/menu-starters-first-second-courses\/\" target=\"_self\"><img decoding=\"async\" class=\"img-fluid\" src=\"https:\/\/www.ristorantek2.it\/wp-content\/uploads\/2024\/03\/DSC00335-Modifica.jpg\" alt\/><div class=\"ws-overlay\"><\/div><div class=\"ws-caption\"><h3>Main courses<\/h3><div class=\"ws-separator\"><\/div><\/div><\/a><\/figure><\/div>[\/vc_column][vc_column css_animation=&#8221;none&#8221; width=&#8221;1\/2&#8243;]<div class=\"ws-menu-category-item\"><figure><a href=\"https:\/\/www.ristorantek2.it\/en\/menu-pizze-calzoni-focacce\/\" target=\"_self\"><img decoding=\"async\" class=\"img-fluid\" src=\"https:\/\/www.ristorantek2.it\/wp-content\/uploads\/2024\/03\/pizza-home.jpg\" alt\/><div class=\"ws-overlay\"><\/div><div class=\"ws-caption\"><h3>Pizza and Focaccia<\/h3><div class=\"ws-separator\"><\/div><\/div><\/a><\/figure><\/div>[\/vc_column][\/vc_row][vc_row full_width=&#8221;stretch_row_content_no_spaces&#8221;][vc_column css_animation=&#8221;none&#8221; width=&#8221;1\/2&#8243;]<div class=\"ws-menu-category-item\"><figure><a href=\"https:\/\/www.ristorantek2.it\/en\/menu-desserts\/\" target=\"_self\"><img decoding=\"async\" class=\"img-fluid\" src=\"https:\/\/www.ristorantek2.it\/wp-content\/uploads\/2024\/03\/dessert_dolci_home.jpg\" alt\/><div class=\"ws-overlay\"><\/div><div class=\"ws-caption\"><h3>Dessert<\/h3><div class=\"ws-separator\"><\/div><\/div><\/a><\/figure><\/div>[\/vc_column][vc_column css_animation=&#8221;none&#8221; width=&#8221;1\/2&#8243;]<div class=\"ws-menu-category-item\"><figure><a href=\"https:\/\/www.ristorantek2.it\/en\/menu-our-wine-list\/\" target=\"_self\"><img decoding=\"async\" class=\"img-fluid\" src=\"https:\/\/www.ristorantek2.it\/wp-content\/uploads\/2024\/03\/carta_dei_vini_home.jpg\" alt\/><div class=\"ws-overlay\"><\/div><div class=\"ws-caption\"><h3>Wine list<\/h3><div class=\"ws-separator\"><\/div><\/div><\/a><\/figure><\/div>[\/vc_column][\/vc_row][vc_row el_id=&#8221;ws-offers-section&#8221; css=&#8221;.vc_custom_1526906166238{padding-top: 100px !important;}&#8221;][vc_column][vc_row_inner][vc_column_inner width=&#8221;2\/3&#8243; offset=&#8221;vc_col-lg-offset-2 vc_col-md-offset-2 vc_col-sm-offset-2&#8243;]<div class=\"ws-heading text-center ws-heading-dark\"><h6>OUR SPECIALITIES<\/h6><\/div>[vc_empty_space height=&#8221;30px&#8221;][vc_column_text el_class=&#8221;ws-text-block&#8221;]<\/p>\n<p style=\"text-align: center;\">Only high quality raw materials, selected according to the season and worked with wisdom to offer every course a treat for the palate.<\/p>\n<p>[\/vc_column_text][\/vc_column_inner][\/vc_row_inner][vc_empty_space height=&#8221;50px&#8221;][\/vc_column][\/vc_row][vc_row css=&#8221;.vc_custom_1526972973039{padding-bottom: 100px !important;}&#8221;][vc_column css_animation=&#8221;none&#8221; width=&#8221;1\/2&#8243;][vc_single_image image=&#8221;864&#8243; img_size=&#8221;1920&#215;1080&#8243; onclick=&#8221;custom_link&#8221; link=&#8221;https:\/\/www.ristorantek2.it\/la-cucina\/&#8221; css=&#8221;.vc_custom_1711644694871{padding-bottom: 20px !important;}&#8221;][\/vc_column][vc_column css_animation=&#8221;none&#8221; width=&#8221;1\/2&#8243;][vc_single_image image=&#8221;1337&#8243; img_size=&#8221;1920&#215;1080&#8243; onclick=&#8221;custom_link&#8221; link=&#8221;https:\/\/www.ristorantek2.it\/la-cucina\/&#8221;][\/vc_column][\/vc_row][vc_row css=&#8221;.vc_custom_1622713458326{padding-top: 100px !important;padding-bottom: 40px !important;}&#8221;][vc_column width=&#8221;2\/3&#8243; offset=&#8221;vc_col-lg-offset-2 vc_col-md-offset-2 vc_col-sm-offset-2&#8243;]<hr class=\"ws-vertical-line \"><div class=\"ws-heading text-center ws-heading-dark\"><h6>Where we are<\/h6><\/div>[vc_empty_space height=&#8221;20px&#8221;][vc_column_text el_class=&#8221;ws-text-block&#8221;]<\/p>\n<p style=\"text-align: center;\">Ristorante K2<br \/>\nPiazza Scalpellini, 6<br \/>\nVia Anfiteatro 107\/115 &#8211; Lucca<\/p>\n<p>[\/vc_column_text][vc_empty_space height=&#8221;10px&#8221;]<div class=\"custom-button text-center ws-button-dark\"><a href=\"https:\/\/g.page\/ristorante-pizzeria-k2\" target=\"_blank\" class=\"btn \">Directions<\/a><\/div>[\/vc_column][\/vc_row][vc_section full_width=&#8221;stretch_row_content&#8221; content_placement=&#8221;top&#8221; parallax=&#8221;content-moving&#8221; parallax_image=&#8221;362&#8243; el_id=&#8221;ws-parallax-section&#8221;][vc_row full_width=&#8221;stretch_row_content_no_spaces&#8221; content_placement=&#8221;middle&#8221; css=&#8221;.vc_custom_1526906175611{padding-top: 200px !important;padding-bottom: 200px !important;background-color: rgba(0,0,0,0.2) !important;*background-color: rgb(0,0,0) !important;}&#8221;][vc_column]<div class=\"ws-heading text-center ws-heading-light\"><h1>Looking for a quiet restaurant in the center of Lucca?<\/h1><\/div>[vc_empty_space height=&#8221;20px&#8221;]<div class=\"ws-heading text-center ws-heading-light\"><h6>AT THE ENTRANCE TO THE AMPHITHEATRE SQUARE. YOU CAN EAT WELL IN A FAMILIAR ENVIRONMENTS<\/h6><\/div>[vc_empty_space height=&#8221;30px&#8221;][\/vc_column][\/vc_row][\/vc_section][vc_row][vc_column][vc_empty_space height=&#8221;20px&#8221;][vc_column_text]The nearest car park is definitely the Piazza Santa Maria parking. Access from Porta Santa Maria, then take Via Fillungo to the little square with access to Piazza dell&#8217;Anfiteatro.[\/vc_column_text][\/vc_column][\/vc_row][vc_row css=&#8221;.vc_custom_1622722990950{padding-top: 100px !important;padding-bottom: 30px !important;}&#8221;][vc_column]<hr class=\"ws-vertical-line \"><div class=\"ws-heading text-center ws-heading-dark\"><h6>Le recensioni dei nostri clienti<\/h6><\/div>[\/vc_column][\/vc_row][vc_row full_width=&#8221;stretch_row&#8221; css=&#8221;.vc_custom_1526972987061{padding-top: 100px !important;padding-bottom: 100px !important;background-color: #f6f0eb !important;}&#8221;][vc_column offset=&#8221;vc_col-lg-offset-0 vc_col-md-offset-0 vc_col-sm-offset-0&#8243;][vc_single_image image=&#8221;828&#8243; img_size=&#8221;full&#8221; alignment=&#8221;center&#8221; css_animation=&#8221;fadeIn&#8221;]<div id=\"jack-testimonials\" class=\"owl-carousel content-carousel content-slider\"><div class='ws-testimonials-caption col-md-8 offset-md-2'><svg xmlns=\"http:\/\/www.w3.org\/2000\/svg\" viewBox=\"0 0 20 15\"><path d=\"M8.47,0q.71,0,.71.82,0,.39-.75.84T6.78,2.72A9.1,9.1,0,0,0,5.17,4.1,5.4,5.4,0,0,0,3.59,7.91a4.16,4.16,0,0,0,.53,1.93,6.65,6.65,0,0,1,1,2.76,2.37,2.37,0,0,1-.34,1.13Q4,15,3.22,15a2.8,2.8,0,0,1-1.36-.3,3.7,3.7,0,0,1-1-.76,3.82,3.82,0,0,1-.9-2.6A9.86,9.86,0,0,1,.62,8a12.85,12.85,0,0,1,1.7-3.23A15.68,15.68,0,0,1,8.21.08.64.64,0,0,1,8.47,0ZM19.29,0Q20,0,20,.82q0,.39-.75.84T17.6,2.72A9.1,9.1,0,0,0,16,4.1a5.4,5.4,0,0,0-1.58,3.81,4.16,4.16,0,0,0,.53,1.93,6.65,6.65,0,0,1,1,2.76,2.37,2.37,0,0,1-.34,1.13Q14.85,15,14,15a2.8,2.8,0,0,1-1.36-.3,3.7,3.7,0,0,1-1-.76,3.82,3.82,0,0,1-.9-2.6A9.86,9.86,0,0,1,11.44,8a12.85,12.85,0,0,1,1.7-3.23A15.68,15.68,0,0,1,19,.08.64.64,0,0,1,19.29,0Z\" transform=\"translate(0 0)\"\/><\/svg><p>Molto gentili e ospitali<\/p>\n<p>Siamo andati un sabato sera di fine gennaio, abbiamo chiesto di mangiare all\u2019aperto nonostante facesse un po\u2019 freddo e fossimo gli unici. Sono stati gentilissimi, hanno acceso una stufetta-fungo per noi e ci siamo goduti la cena in piazzetta. Cibo ottimo!<\/p><span>Luca<\/span><\/div><div class='ws-testimonials-caption col-md-8 offset-md-2'><svg xmlns=\"http:\/\/www.w3.org\/2000\/svg\" viewBox=\"0 0 20 15\"><path d=\"M8.47,0q.71,0,.71.82,0,.39-.75.84T6.78,2.72A9.1,9.1,0,0,0,5.17,4.1,5.4,5.4,0,0,0,3.59,7.91a4.16,4.16,0,0,0,.53,1.93,6.65,6.65,0,0,1,1,2.76,2.37,2.37,0,0,1-.34,1.13Q4,15,3.22,15a2.8,2.8,0,0,1-1.36-.3,3.7,3.7,0,0,1-1-.76,3.82,3.82,0,0,1-.9-2.6A9.86,9.86,0,0,1,.62,8a12.85,12.85,0,0,1,1.7-3.23A15.68,15.68,0,0,1,8.21.08.64.64,0,0,1,8.47,0ZM19.29,0Q20,0,20,.82q0,.39-.75.84T17.6,2.72A9.1,9.1,0,0,0,16,4.1a5.4,5.4,0,0,0-1.58,3.81,4.16,4.16,0,0,0,.53,1.93,6.65,6.65,0,0,1,1,2.76,2.37,2.37,0,0,1-.34,1.13Q14.85,15,14,15a2.8,2.8,0,0,1-1.36-.3,3.7,3.7,0,0,1-1-.76,3.82,3.82,0,0,1-.9-2.6A9.86,9.86,0,0,1,11.44,8a12.85,12.85,0,0,1,1.7-3.23A15.68,15.68,0,0,1,19,.08.64.64,0,0,1,19.29,0Z\" transform=\"translate(0 0)\"\/><\/svg><p>Accogliente, raffinato ed eccellente cucina<\/p>\n<p>Grande affabilit\u00e0, eleganza. Disponibilit\u00e0 ad accogliere ogni richiesta. Adatto a tutte le situazioni dal romantico alla famiglia. Possibilit\u00e0 gluten free<\/p><span>Marica<\/span><\/div><div class='ws-testimonials-caption col-md-8 offset-md-2'><svg xmlns=\"http:\/\/www.w3.org\/2000\/svg\" viewBox=\"0 0 20 15\"><path d=\"M8.47,0q.71,0,.71.82,0,.39-.75.84T6.78,2.72A9.1,9.1,0,0,0,5.17,4.1,5.4,5.4,0,0,0,3.59,7.91a4.16,4.16,0,0,0,.53,1.93,6.65,6.65,0,0,1,1,2.76,2.37,2.37,0,0,1-.34,1.13Q4,15,3.22,15a2.8,2.8,0,0,1-1.36-.3,3.7,3.7,0,0,1-1-.76,3.82,3.82,0,0,1-.9-2.6A9.86,9.86,0,0,1,.62,8a12.85,12.85,0,0,1,1.7-3.23A15.68,15.68,0,0,1,8.21.08.64.64,0,0,1,8.47,0ZM19.29,0Q20,0,20,.82q0,.39-.75.84T17.6,2.72A9.1,9.1,0,0,0,16,4.1a5.4,5.4,0,0,0-1.58,3.81,4.16,4.16,0,0,0,.53,1.93,6.65,6.65,0,0,1,1,2.76,2.37,2.37,0,0,1-.34,1.13Q14.85,15,14,15a2.8,2.8,0,0,1-1.36-.3,3.7,3.7,0,0,1-1-.76,3.82,3.82,0,0,1-.9-2.6A9.86,9.86,0,0,1,11.44,8a12.85,12.85,0,0,1,1.7-3.23A15.68,15.68,0,0,1,19,.08.64.64,0,0,1,19.29,0Z\" transform=\"translate(0 0)\"\/><\/svg><p>Veramente notevole<\/p>\n<p>Servizio veloce cibo di alta qualit\u00e0 ci torner\u00f2 sicuramente. Gentilezza super sembra di essere a casa super coccolati. Da provare il baccal\u00e0<\/p><span>Sarpa C<\/span><\/div><div class='ws-testimonials-caption col-md-8 offset-md-2'><svg xmlns=\"http:\/\/www.w3.org\/2000\/svg\" viewBox=\"0 0 20 15\"><path d=\"M8.47,0q.71,0,.71.82,0,.39-.75.84T6.78,2.72A9.1,9.1,0,0,0,5.17,4.1,5.4,5.4,0,0,0,3.59,7.91a4.16,4.16,0,0,0,.53,1.93,6.65,6.65,0,0,1,1,2.76,2.37,2.37,0,0,1-.34,1.13Q4,15,3.22,15a2.8,2.8,0,0,1-1.36-.3,3.7,3.7,0,0,1-1-.76,3.82,3.82,0,0,1-.9-2.6A9.86,9.86,0,0,1,.62,8a12.85,12.85,0,0,1,1.7-3.23A15.68,15.68,0,0,1,8.21.08.64.64,0,0,1,8.47,0ZM19.29,0Q20,0,20,.82q0,.39-.75.84T17.6,2.72A9.1,9.1,0,0,0,16,4.1a5.4,5.4,0,0,0-1.58,3.81,4.16,4.16,0,0,0,.53,1.93,6.65,6.65,0,0,1,1,2.76,2.37,2.37,0,0,1-.34,1.13Q14.85,15,14,15a2.8,2.8,0,0,1-1.36-.3,3.7,3.7,0,0,1-1-.76,3.82,3.82,0,0,1-.9-2.6A9.86,9.86,0,0,1,11.44,8a12.85,12.85,0,0,1,1.7-3.23A15.68,15.68,0,0,1,19,.08.64.64,0,0,1,19.29,0Z\" transform=\"translate(0 0)\"\/><\/svg><p>Piacevole sorpresa<\/p>\n<p>Ci siamo fermati per caso in questo locale durante una gita nella bellissima citt\u00e0 di Lucca. Tutte le portate erano ottime e il servizio \u00e8 stato impeccabile. Consigliatissimo.<\/p><span>ElsaFru<\/span><\/div><\/div>[vc_empty_space]<div class=\"custom-button text-center ws-button-dark\"><a href=\"https:\/\/www.tripadvisor.it\/Restaurant_Review-g187898-d1985912-Reviews-Ristorante_Pizzeria_K2-Lucca_Province_of_Lucca_Tuscany.html\" target=\"_blank\" class=\"btn \">Other reviews<\/a><\/div>[\/vc_column][\/vc_row]<\/p>\n","protected":false},"excerpt":{"rendered":"<p>[vc_section full_width=&#8221;stretch_row_content&#8221; full_height=&#8221;yes&#8221; parallax=&#8221;content-moving-fade&#8221; parallax_image=&#8221;1385&#8243; css=&#8221;.vc_custom_1710837935907{background-position: center !important;background-repeat: no-repeat !important;background-size: cover !important;}&#8221; el_id=&#8221;ws-hero-image&#8221;][vc_row full_height=&#8221;yes&#8221; content_placement=&#8221;middle&#8221; css=&#8221;.vc_custom_1622712731768{background-color: rgba(0,0,0,0.3) !important;*background-color: rgb(0,0,0) !important;}&#8221; el_class=&#8221;home-h&#8221;][vc_column el_class=&#8221;ws-100vh&#8221;][vc_single_image image=&#8221;827&#8243; img_size=&#8221;250&#215;250&#8243; alignment=&#8221;center&#8221; style=&#8221;vc_box_circle_2&#8243; css_animation=&#8221;fadeIn&#8221;][vc_empty_space height=&#8221;30px&#8221;][vc_raw_html]JTNDZGl2JTIwY2xhc3MlM0QlMjJjcC1idXR0JTIyJTNFJTNDYSUyMGhyZWYlM0QlMjJodHRwcyUzQSUyRiUyRnd3dy5yaXN0b3JhbnRlazIuaXQlMkZlbiUyRnJlc2VydnZlLWEtdGFibGUlMkYlMjIlM0VMdW5jaCUyMG9yJTIwZGlubmVyJTIwYXQlMjB0aGUlMjByZXN0YXVyYW50JTNDYnIlMjAlMkYlM0UlMEElMjBCb29rJTIwYSUyMHRhYmxlJTIwJTIwJTI2Z3QlM0IlM0MlMkZhJTNFJTNDJTJGZGl2JTNF[\/vc_raw_html][\/vc_column][\/vc_row][\/vc_section][vc_row el_id=&#8221;ws-about-section&#8221; css=&#8221;.vc_custom_1526906157336{padding-top: 100px !important;padding-bottom: 120px !important;}&#8221;][vc_column width=&#8221;2\/3&#8243; offset=&#8221;vc_col-lg-offset-2 vc_col-md-offset-2 vc_col-sm-offset-2&#8243;][vc_empty_space height=&#8221;30px&#8221;][vc_column_text el_class=&#8221;ws-text-block&#8221;] The restaurant K2, a corner in the heart of Lucca that carries on with enthusiasm [&hellip;]<\/p>\n","protected":false},"author":1,"featured_media":0,"parent":0,"menu_order":0,"comment_status":"closed","ping_status":"closed","template":"template-page.php","meta":{"editor_plus_copied_stylings":"{}","footnotes":""},"class_list":["post-967","page","type-page","status-publish","hentry"],"_links":{"self":[{"href":"https:\/\/www.ristorantek2.it\/en\/wp-json\/wp\/v2\/pages\/967","targetHints":{"allow":["GET"]}}],"collection":[{"href":"https:\/\/www.ristorantek2.it\/en\/wp-json\/wp\/v2\/pages"}],"about":[{"href":"https:\/\/www.ristorantek2.it\/en\/wp-json\/wp\/v2\/types\/page"}],"author":[{"embeddable":true,"href":"https:\/\/www.ristorantek2.it\/en\/wp-json\/wp\/v2\/users\/1"}],"replies":[{"embeddable":true,"href":"https:\/\/www.ristorantek2.it\/en\/wp-json\/wp\/v2\/comments?post=967"}],"version-history":[{"count":23,"href":"https:\/\/www.ristorantek2.it\/en\/wp-json\/wp\/v2\/pages\/967\/revisions"}],"predecessor-version":[{"id":1567,"href":"https:\/\/www.ristorantek2.it\/en\/wp-json\/wp\/v2\/pages\/967\/revisions\/1567"}],"wp:attachment":[{"href":"https:\/\/www.ristorantek2.it\/en\/wp-json\/wp\/v2\/media?parent=967"}],"curies":[{"name":"wp","href":"https:\/\/api.w.org\/{rel}","templated":true}]}}